{"id":2791,"date":"2021-02-12T10:49:35","date_gmt":"2021-02-12T09:49:35","guid":{"rendered":"https:\/\/www.pesteam.eu\/stavebne-prace"},"modified":"2021-07-19T14:00:18","modified_gmt":"2021-07-19T12:00:18","slug":"stavebne-prace","status":"publish","type":"page","link":"https:\/\/www.pesteam.eu\/de\/sluzby\/stavebne-prace","title":{"rendered":"Bauarbeiten"},"content":{"rendered":"<p>[vc_row css=&#8221;.vc_custom_1548950685645{margin-top: 120px !important;margin-bottom: 0px !important;padding-bottom: 55px !important;}&#8221;][vc_column width=&#8221;1\/3&#8243;][vc_wp_custommenu nav_menu=&#8221;36&#8243; title=&#8221;Unsere Dienstleistungen&#8221; el_class=&#8221;zidex_sidebar_menu&#8221;][vc_column_text css=&#8221;.vc_custom_1613121902108{margin-bottom: 50px !important;padding-top: 30px !important;padding-right: 30px !important;padding-bottom: 30px !important;padding-left: 30px !important;background-color: #efefef !important;}&#8221;]<\/p>\n<h3 style=\"font-weight: bold; margin-top: 0px; margin-bottom: 30px;\">Schauen Sie sich unsere Arbeiten an<\/h3>\n<p><a class=\"button\" style=\"width: 100%;\" href=\"https:\/\/www.pesteam.eu\/de\/referencie\">Unsere Referenzen<\/a>[\/vc_column_text][\/vc_column][vc_column width=&#8221;2\/3&#8243; css=&#8221;.vc_custom_1544456093304{padding-top: 0px !important;padding-right: 15px !important;padding-bottom: 30px !important;padding-left: 45px !important;}&#8221;][vc_column_text]<\/p>\n<h2>Baut\u00e4tigkeit<\/h2>\n<p>[\/vc_column_text][vc_column_text css=&#8221;.vc_custom_1613129315250{margin-bottom: 30px !important;}&#8221;]Wir bieten Ihnen das Ausf\u00fchren von kompletten Bauarbeiten an von der Fundamentierung, Maurerwerk, W\u00e4rmed\u00e4mmung von Fassaden bis hin zu Malerarbeiten und Fliesenlegung.[\/vc_column_text][vc_column_text css=&#8221;.vc_custom_1613131246432{margin-bottom: 30px !important;}&#8221;]<\/p>\n<ul type=\"none\">\n<li><i class=\"fa fa-gavel\" style=\"color: #ffb716; margin-right: 10px;\"><\/i>Aushubarbeiten,<\/li>\n<li><i class=\"fa fa-gavel\" style=\"color: #ffb716; margin-right: 10px;\"><\/i>Abrissarbeiten und Umbau,<\/li>\n<li><i class=\"fa fa-gavel\" style=\"color: #ffb716; margin-right: 10px;\"><\/i>Maurerarbeiten,<\/li>\n<li><i class=\"fa fa-gavel\" style=\"color: #ffb716; margin-right: 10px;\"><\/i>Estriche und Verputz,<\/li>\n<li><i class=\"fa fa-gavel\" style=\"color: #ffb716; margin-right: 10px;\"><\/i>Zimmermannarbeiten und Anfertigung von D\u00e4chern,<\/li>\n<li><i class=\"fa fa-gavel\" style=\"color: #ffb716; margin-right: 10px;\"><\/i>Fassaden und W\u00e4rmed\u00e4mmung,<\/li>\n<li><i class=\"fa fa-gavel\" style=\"color: #ffb716; margin-right: 10px;\"><\/i>Maler- und Gipsplattenarbeiten,<\/li>\n<li><i class=\"fa fa-gavel\" style=\"color: #ffb716; margin-right: 10px;\"><\/i>Fliesenlegung,<\/li>\n<li><i class=\"fa fa-gavel\" style=\"color: #ffb716; margin-right: 10px;\"><\/i>Einbau von Fenstern, T\u00fcren und Garagentoren,<\/li>\n<li><i class=\"fa fa-gavel\" style=\"color: #ffb716; margin-right: 10px;\"><\/i>Pflasterlegung,<\/li>\n<li><i class=\"fa fa-gavel\" style=\"color: #ffb716; margin-right: 10px;\"><\/i>Zier- und Betonumz\u00e4unung,<\/li>\n<li><i class=\"fa fa-gavel\" style=\"color: #ffb716; margin-right: 10px;\"><\/i>Sanit\u00e4rtechnik, Wasser- und Abwasserleitungen, <\/li>\n<li><i class=\"fa fa-gavel\" style=\"color: #ffb716; margin-right: 10px;\"><\/i>Diamant-Bohrungen (Durchmesser von 160 mm mit einer Tiefe bis max. 40 cm). <\/li>\n<\/ul>\n<p>[\/vc_column_text][vc_row_inner css=&#8221;.vc_custom_1543842867653{margin-bottom: 0px !important;}&#8221;][vc_column_inner][vc_gallery type=&#8221;image_grid&#8221; images=&#8221;2427,2445,2443,2389,2503,2515&#8243; img_size=&#8221;medium&#8221;][\/vc_column_inner][\/vc_row_inner][\/vc_column][\/vc_row]<\/p>\n","protected":false},"excerpt":{"rendered":"<p>[vc_row css=&#8221;.vc_custom_1548950685645{margin-top: 120px !important;margin-bottom: 0px !important;padding-bottom: 55px !important;}&#8221;][vc_column width=&#8221;1\/3&#8243;][vc_wp_custommenu nav_menu=&#8221;36&#8243; title=&#8221;Unsere Dienstleistungen&#8221; el_class=&#8221;zidex_sidebar_menu&#8221;][vc_column_text css=&#8221;.vc_custom_1613121902108{margin-bottom: 50px !important;padding-top: 30px !important;padding-right: 30px !important;padding-bottom: 30px !important;padding-left: 30px !important;background-color: #efefef !important;}&#8221;] Schauen Sie sich unsere Arbeiten an Unsere Referenzen[\/vc_column_text][\/vc_column][vc_column width=&#8221;2\/3&#8243; css=&#8221;.vc_custom_1544456093304{padding-top: 0px !important;padding-right: 15px !important;padding-bottom: 30px !important;padding-left: 45px !important;}&#8221;][vc_column_text] Baut\u00e4tigkeit [\/vc_column_text][vc_column_text css=&#8221;.vc_custom_1613129315250{margin-bottom: 30px !important;}&#8221;]Wir bieten Ihnen das Ausf\u00fchren von kompletten [&hellip;]<\/p>\n","protected":false},"author":1,"featured_media":2019,"parent":2808,"menu_order":0,"comment_status":"closed","ping_status":"closed","template":"","meta":{"footnotes":""},"class_list":["post-2791","page","type-page","status-publish","has-post-thumbnail","hentry"],"yoast_head":"<!-- This site is optimized with the Yoast SEO plugin v15.9.1 - https:\/\/yoast.com\/wordpress\/plugins\/seo\/ -->\n<title>Bauarbeiten - PES Team<\/title>\n<meta name=\"description\" content=\"Wir bieten Ihnen das Ausf\u00fchren von kompletten Bauarbeiten an von der Fundamentierung, Maurerwerk, W\u00e4rmed\u00e4mmung von Fassaden bis hin zu Malerarbeiten und Fliesenlegung.\" \/>\n<link rel=\"canonical\" href=\"https:\/\/www.pesteam.eu\/de\/sluzby\/stavebne-prace\" \/>\n<meta property=\"og:locale\" content=\"de_DE\" \/>\n<meta property=\"og:type\" content=\"article\" \/>\n<meta property=\"og:title\" content=\"Bauarbeiten - PES Team\" \/>\n<meta property=\"og:description\" content=\"Wir bieten Ihnen das Ausf\u00fchren von kompletten Bauarbeiten an von der Fundamentierung, Maurerwerk, W\u00e4rmed\u00e4mmung von Fassaden bis hin zu Malerarbeiten und Fliesenlegung.\" \/>\n<meta property=\"og:url\" content=\"https:\/\/www.pesteam.eu\/de\/sluzby\/stavebne-prace\" \/>\n<meta property=\"og:site_name\" content=\"PES Team\" \/>\n<meta property=\"article:modified_time\" content=\"2021-07-19T12:00:18+00:00\" \/>\n<meta property=\"og:image\" content=\"https:\/\/www.pesteam.eu\/wp-content\/uploads\/2020\/12\/slide2-1.jpg\" \/>\n\t<meta property=\"og:image:width\" content=\"2560\" \/>\n\t<meta property=\"og:image:height\" content=\"1705\" \/>\n<meta name=\"twitter:card\" content=\"summary_large_image\" \/>\n<meta name=\"twitter:label1\" content=\"Gesch\u00e4tzte Lesezeit\">\n\t<meta name=\"twitter:data1\" content=\"1\u00a0Minute\">\n<script type=\"application\/ld+json\" class=\"yoast-schema-graph\">{\"@context\":\"https:\/\/schema.org\",\"@graph\":[{\"@type\":\"WebSite\",\"@id\":\"https:\/\/www.pesteam.eu\/de\/#website\",\"url\":\"https:\/\/www.pesteam.eu\/de\/\",\"name\":\"PES Team\",\"description\":\"\",\"potentialAction\":[{\"@type\":\"SearchAction\",\"target\":\"https:\/\/www.pesteam.eu\/de\/?s={search_term_string}\",\"query-input\":\"required name=search_term_string\"}],\"inLanguage\":\"de\"},{\"@type\":\"ImageObject\",\"@id\":\"https:\/\/www.pesteam.eu\/de\/sluzby\/stavebne-prace#primaryimage\",\"inLanguage\":\"de\",\"url\":\"https:\/\/www.pesteam.eu\/wp-content\/uploads\/2020\/12\/slide2-1.jpg\",\"width\":2560,\"height\":1705,\"caption\":\"Bricklayer cement masonry build layer house worker\"},{\"@type\":\"WebPage\",\"@id\":\"https:\/\/www.pesteam.eu\/de\/sluzby\/stavebne-prace#webpage\",\"url\":\"https:\/\/www.pesteam.eu\/de\/sluzby\/stavebne-prace\",\"name\":\"Bauarbeiten - PES Team\",\"isPartOf\":{\"@id\":\"https:\/\/www.pesteam.eu\/de\/#website\"},\"primaryImageOfPage\":{\"@id\":\"https:\/\/www.pesteam.eu\/de\/sluzby\/stavebne-prace#primaryimage\"},\"datePublished\":\"2021-02-12T09:49:35+00:00\",\"dateModified\":\"2021-07-19T12:00:18+00:00\",\"description\":\"Wir bieten Ihnen das Ausf\\u00fchren von kompletten Bauarbeiten an von der Fundamentierung, Maurerwerk, W\\u00e4rmed\\u00e4mmung von Fassaden bis hin zu Malerarbeiten und Fliesenlegung.\",\"breadcrumb\":{\"@id\":\"https:\/\/www.pesteam.eu\/de\/sluzby\/stavebne-prace#breadcrumb\"},\"inLanguage\":\"de\",\"potentialAction\":[{\"@type\":\"ReadAction\",\"target\":[\"https:\/\/www.pesteam.eu\/de\/sluzby\/stavebne-prace\"]}]},{\"@type\":\"BreadcrumbList\",\"@id\":\"https:\/\/www.pesteam.eu\/de\/sluzby\/stavebne-prace#breadcrumb\",\"itemListElement\":[{\"@type\":\"ListItem\",\"position\":1,\"item\":{\"@type\":\"WebPage\",\"@id\":\"https:\/\/www.pesteam.eu\/de\",\"url\":\"https:\/\/www.pesteam.eu\/de\",\"name\":\"Domovsk\\u00e1 str\\u00e1nka\"}},{\"@type\":\"ListItem\",\"position\":2,\"item\":{\"@type\":\"WebPage\",\"@id\":\"https:\/\/www.pesteam.eu\/de\/sluzby\",\"url\":\"https:\/\/www.pesteam.eu\/de\/sluzby\",\"name\":\"Dienstleistungen\"}},{\"@type\":\"ListItem\",\"position\":3,\"item\":{\"@type\":\"WebPage\",\"@id\":\"https:\/\/www.pesteam.eu\/de\/sluzby\/stavebne-prace\",\"url\":\"https:\/\/www.pesteam.eu\/de\/sluzby\/stavebne-prace\",\"name\":\"Bauarbeiten\"}}]}]}<\/script>\n<!-- \/ Yoast SEO plugin. -->","_links":{"self":[{"href":"https:\/\/www.pesteam.eu\/de\/wp-json\/wp\/v2\/pages\/2791","targetHints":{"allow":["GET"]}}],"collection":[{"href":"https:\/\/www.pesteam.eu\/de\/wp-json\/wp\/v2\/pages"}],"about":[{"href":"https:\/\/www.pesteam.eu\/de\/wp-json\/wp\/v2\/types\/page"}],"author":[{"embeddable":true,"href":"https:\/\/www.pesteam.eu\/de\/wp-json\/wp\/v2\/users\/1"}],"replies":[{"embeddable":true,"href":"https:\/\/www.pesteam.eu\/de\/wp-json\/wp\/v2\/comments?post=2791"}],"version-history":[{"count":9,"href":"https:\/\/www.pesteam.eu\/de\/wp-json\/wp\/v2\/pages\/2791\/revisions"}],"predecessor-version":[{"id":3165,"href":"https:\/\/www.pesteam.eu\/de\/wp-json\/wp\/v2\/pages\/2791\/revisions\/3165"}],"up":[{"embeddable":true,"href":"https:\/\/www.pesteam.eu\/de\/wp-json\/wp\/v2\/pages\/2808"}],"wp:featuredmedia":[{"embeddable":true,"href":"https:\/\/www.pesteam.eu\/de\/wp-json\/wp\/v2\/media\/2019"}],"wp:attachment":[{"href":"https:\/\/www.pesteam.eu\/de\/wp-json\/wp\/v2\/media?parent=2791"}],"curies":[{"name":"wp","href":"https:\/\/api.w.org\/{rel}","templated":true}]}}