{"id":2801,"date":"2018-11-28T10:53:23","date_gmt":"2018-11-28T10:53:23","guid":{"rendered":"https:\/\/www.pesteam.eu\/o-nas"},"modified":"2021-07-20T09:54:56","modified_gmt":"2021-07-20T07:54:56","slug":"o-nas","status":"publish","type":"page","link":"https:\/\/www.pesteam.eu\/de\/o-nas","title":{"rendered":"Das Unternehmen"},"content":{"rendered":"<p>[vc_row css=&#8221;.vc_custom_1543405401684{margin-bottom: 90px !important;padding-top: 120px !important;}&#8221;][vc_column][vc_row_inner][vc_column_inner][heading_title_subtitle title=&#8221;PES TEAM&#8221; subtitle=&#8221;Professionalit\u00e4t, Qualit\u00e4t und Zuverl\u00e4ssigkeit&#8221; align_title=&#8221;text_left&#8221; title_subtitle_style_variant=&#8221;title_subtitle_style_v2&#8243; subtitle_position=&#8221;subtitle_right&#8221; title_color=&#8221;dark_title&#8221; subtitle_color=&#8221;dark_subtitle&#8221; animation=&#8221;no_animation&#8221;][\/vc_column_inner][\/vc_row_inner][vc_row_inner css=&#8221;.vc_custom_1548862495705{margin-bottom: 0px !important;}&#8221;][vc_column_inner][vc_column_text]Seit mehr als 5 Jahren sind wir auf dem slowakischen sowie deutschen Markt erfolgreich t\u00e4tig, wo es uns gelungen ist, stabile Partnerschaften aufzubauen. Wir haben eine Menge Projekte umgesetzt und viele Erfahrungen gesammelt.[\/vc_column_text][\/vc_column_inner][vc_column_inner width=&#8221;1\/2&#8243;][vc_column_text]Unser Unternehmen PES Team soll unsere Hauptvision erzielen \u2013 den Menschen ein sicheres und pr\u00e4zise aufgebautes Wohnen sicherzustellen. In unseren Anf\u00e4ngen haben wir uns auf Elektroinstallationsarbeiten in Einfamilienh\u00e4usern, Wohnh\u00e4usern, B\u00fcros und \u00f6ffentlichen Geb\u00e4uden konzentriert. Mit der Zufriedenheit unserer Kunden kam auch die erh\u00f6hte Nachfrage nach anderen mit dem Umbau, Neubau oder mit den Abrissarbeiten zusammenh\u00e4ngenden erg\u00e4nzenden und Teilarbeiten. Deshalb haben wir mit der Zeit angefangen, unser Leistungsportfolio auch um komplette Bauarbeiten unter unserer Tochtermarke BAUmasters zu erweitern, wo wir den Bau von Einfamilienh\u00e4usern und Wohnungen von A\u00a0bis Z\u00a0verwirklichen.<\/p>\n<p>&nbsp;<\/p>\n<p>Das Geheimnis unseres Erfolgs sind unsere Mitarbeiter, erfahrene Handwerker und Spezialisten, deren Spitzenleistung wir besonders sch\u00e4tzen.[\/vc_column_text][\/vc_column_inner][vc_column_inner width=&#8221;1\/2&#8243;][vc_single_image image=&#8221;2058&#8243; img_size=&#8221;full&#8221; alignment=&#8221;center&#8221;][\/vc_column_inner][\/vc_row_inner][\/vc_column][\/vc_row][vc_row full_width=&#8221;stretch_row&#8221; css=&#8221;.vc_custom_1544094391911{margin-bottom: 10px !important;background-color: #ffffff !important;}&#8221;][vc_column][vc_row_inner][vc_column_inner][heading_title_subtitle title=&#8221;Warum PES Team?&#8221; subtitle=&#8221;Entscheiden Sie sich f\u00fcr ein starkes und stabiles Unternehmen&#8221; align_title=&#8221;text_left&#8221; title_subtitle_style_variant=&#8221;title_subtitle_style_v2&#8243; subtitle_position=&#8221;subtitle_right&#8221; title_color=&#8221;dark_title&#8221; subtitle_color=&#8221;dark_subtitle&#8221; animation=&#8221;no_animation&#8221;][\/vc_column_inner][\/vc_row_inner][vc_row_inner][vc_column_inner width=&#8221;1\/3&#8243;][thumbnails_custom_content_link image=&#8221;2117&#8243; heading=&#8221;Professionalit\u00e4t&#8221; description=&#8221;Alles fristgem\u00e4\u00df, fachkundig umgesetzt und zu fairen Preisen.&#8221; content_align=&#8221;left&#8221; button_url=&#8221;&#8221; button_text=&#8221;&#8221;][vc_empty_space height=&#8221;28px&#8221;][thumbnails_custom_content_link image=&#8221;2123&#8243; heading=&#8221;Umsetzung von A bis Z&#8221; description=&#8221;Wir verwirklichen Ihr Bauvorhaben von der ersten Planung bis zu der finalen Kollaudierung.&#8221; content_align=&#8221;left&#8221; button_url=&#8221;&#8221; button_text=&#8221;&#8221;][vc_empty_space height=&#8221;28px&#8221;][\/vc_column_inner][vc_column_inner width=&#8221;1\/3&#8243;][thumbnails_custom_content_link image=&#8221;2131&#8243; heading=&#8221;Qualit\u00e4t&#8221; description=&#8221;Solide Baustoffe und Beachtung der letzten Details stehen bei uns im Fokus.&#8221; content_align=&#8221;left&#8221; button_url=&#8221;&#8221; button_text=&#8221;&#8221;][vc_empty_space height=&#8221;28px&#8221;][thumbnails_custom_content_link image=&#8221;2120&#8243; heading=&#8221;Kostenvorteil&#8221; description=&#8221;Bei uns bekommen Sie alles unter einem Dach. Sie Sparen dadurch Zeit und Geld.&#8221; content_align=&#8221;left&#8221; button_url=&#8221;&#8221; button_text=&#8221;&#8221;][vc_empty_space height=&#8221;28px&#8221;][\/vc_column_inner][vc_column_inner width=&#8221;1\/3&#8243;][vc_single_image image=&#8221;2061&#8243; img_size=&#8221;full&#8221;][\/vc_column_inner][\/vc_row_inner][\/vc_column][\/vc_row][vc_row full_width=&#8221;stretch_row&#8221; parallax=&#8221;content-moving&#8221; parallax_image=&#8221;943&#8243; parallax_speed_bg=&#8221;1&#8243; css=&#8221;.vc_custom_1612443292766{margin-bottom: 0px !important;padding-top: 55px !important;padding-bottom: 120px !important;}&#8221; el_class=&#8221;.testimonials-container-1&#8243;][vc_column][vc_empty_space][vc_empty_space][vc_raw_html]JTNDZGl2JTIwY2xhc3MlM0QlMjJ3b3clMjAlMjB0ZXN0aW1vbmlhbHMtc2hvcnRjb2RlLXYxJTIwdGVzdGltb25pYWxzLWNvbnRhaW5lci0xJTIwJTIwb3dsLWNhcm91c2VsJTIwb3dsLXRoZW1lJTIwYW5pbWF0ZWQlMjIlMjBzdHlsZSUzRCUyMm9wYWNpdHklM0ElMjAxJTNCJTIwZGlzcGxheSUzQSUyMGJsb2NrJTNCJTIwdmlzaWJpbGl0eSUzQSUyMHZpc2libGUlM0IlMjIlM0UlMEElMjAlMjAlMjAlMjAlMjAlMjAlMjAlMjAlMjAlMjAlMjAlMjAlMjAlMjAlMjAlMjAlMDklM0NkaXYlMjBjbGFzcyUzRCUyMm93bC13cmFwcGVyLW91dGVyJTIyJTNFJTNDZGl2JTIwY2xhc3MlM0QlMjJvd2wtd3JhcHBlciUyMiUyMHN0eWxlJTNEJTIyd2lkdGglM0ElMjAyMjgwcHglM0IlMjBsZWZ0JTNBJTIwMHB4JTNCJTIwZGlzcGxheSUzQSUyMGJsb2NrJTNCJTIyJTNFJTNDZGl2JTIwY2xhc3MlM0QlMjJvd2wtaXRlbSUyMiUyMHN0eWxlJTNEJTIyd2lkdGglM0ElMjAxMTQwcHglM0IlMjIlM0UlM0NkaXYlMjBjbGFzcyUzRCUyMml0ZW0lMjB2Y19jb2wtbWQtMTIlMjByZWxhdGl2ZSUyMiUzRSUwQSUwOSUyMCUyMCUyMCUyMCUyMCUyMCUyMCUyMCUyMCUyMCUyMCUyMCUyMCUyMCUyMCUyMCUwOSUzQ2RpdiUyMGNsYXNzJTNEJTIydGVzdGltb25pYWwwMV9pdGVtJTIyJTNFJTBBJTIwJTIwJTIwJTIwJTIwJTIwJTIwJTIwJTIwJTIwJTIwJTIwJTIwJTIwJTIwJTIwJTIwJTIwJTIwJTIwJTIwJTIwJTIwJTIwJTIwJTIwJTNDZGl2JTIwY2xhc3MlM0QlMjJ0ZXN0aW1vbmFpbDAxLWNvbnRlbnQlMjIlM0UlM0NwJTNFRGllJTIwSGF1cHRwZmVpbGVyJTIwdW5zZXJlciUyMEFyYmVpdCUyMHNpbmQlMjBRdWFsaXQlQzMlQTR0JTJDJTIwRWZmZWt0aXZpdCVDMyVBNHQlMjB1bmQlMjBEYW5rYmFya2VpdCUyMGYlQzMlQkNyJTIwamVkZW4lMjB6dWZyaWVkZW5lbiUyMEt1bmRlbi4lM0NiciUyRiUzRSUzQ2JyJTJGJTNFJTBBUEVTJTIwVGVhbSUyMCUwQSUzQyUyRnAlM0UlMEElM0MlMkZkaXYlM0UlMEElMjAlMjAlMjAlMjAlMjAlMjAlMjAlMjAlMjAlMjAlMjAlMjAlMjAlMjAlMjAlMjAlMjAlMjAlMjAlMjAlMjAlMjAlMjAlMjAlMjAlMjAlMEElMEElMDklMDklMjAlMjAlMjAlMjAlMjAlMjAlMjAlMjAlMjAlMjAlMjAlMjAlMjAlMjAlMjAlMjAlMjAlMjAlMjAlMjAlM0MlMkZkaXYlM0UlMEElMDklMjAlMjAlMjAlMjAlMjAlMjAlMjAlMjAlMjAlMjAlMjAlMjAlMjAlMjAlMjAlMjAlM0MlMkZkaXYlM0UlM0MlMkZkaXYlM0UlM0MlMkZkaXYlM0UlM0MlMkZkaXYlM0UlM0MlMkZkaXYlM0U=[\/vc_raw_html][\/vc_column][\/vc_row]<\/p>\n","protected":false},"excerpt":{"rendered":"<p>[vc_row css=&#8221;.vc_custom_1543405401684{margin-bottom: 90px !important;padding-top: 120px !important;}&#8221;][vc_column][vc_row_inner][vc_column_inner][heading_title_subtitle title=&#8221;PES TEAM&#8221; subtitle=&#8221;Professionalit\u00e4t, Qualit\u00e4t und Zuverl\u00e4ssigkeit&#8221; align_title=&#8221;text_left&#8221; title_subtitle_style_variant=&#8221;title_subtitle_style_v2&#8243; subtitle_position=&#8221;subtitle_right&#8221; title_color=&#8221;dark_title&#8221; subtitle_color=&#8221;dark_subtitle&#8221; animation=&#8221;no_animation&#8221;][\/vc_column_inner][\/vc_row_inner][vc_row_inner css=&#8221;.vc_custom_1548862495705{margin-bottom: 0px !important;}&#8221;][vc_column_inner][vc_column_text]Seit mehr als 5 Jahren sind wir auf dem slowakischen sowie deutschen Markt erfolgreich t\u00e4tig, wo es uns gelungen ist, stabile Partnerschaften aufzubauen. Wir haben eine Menge Projekte umgesetzt und viele Erfahrungen gesammelt.[\/vc_column_text][\/vc_column_inner][vc_column_inner width=&#8221;1\/2&#8243;][vc_column_text]Unser Unternehmen [&hellip;]<\/p>\n","protected":false},"author":1,"featured_media":2019,"parent":0,"menu_order":0,"comment_status":"closed","ping_status":"closed","template":"","meta":{"footnotes":""},"class_list":["post-2801","page","type-page","status-publish","has-post-thumbnail","hentry"],"yoast_head":"<!-- This site is optimized with the Yoast SEO plugin v15.9.1 - https:\/\/yoast.com\/wordpress\/plugins\/seo\/ -->\n<title>Das Unternehmen - PES Team<\/title>\n<meta name=\"description\" content=\"Seit mehr als 5 Jahren sind wir auf dem slowakischen sowie deutschen Markt erfolgreich t\u00e4tig, wo es uns gelungen ist, stabile Partnerschaften aufzubauen. Wir haben eine Menge Projekte umgesetzt und viele Erfahrungen gesammelt.\" \/>\n<link rel=\"canonical\" href=\"https:\/\/www.pesteam.eu\/de\/o-nas\" \/>\n<meta property=\"og:locale\" content=\"de_DE\" \/>\n<meta property=\"og:type\" content=\"article\" \/>\n<meta property=\"og:title\" content=\"Das Unternehmen - PES Team\" \/>\n<meta property=\"og:description\" content=\"Seit mehr als 5 Jahren sind wir auf dem slowakischen sowie deutschen Markt erfolgreich t\u00e4tig, wo es uns gelungen ist, stabile Partnerschaften aufzubauen. Wir haben eine Menge Projekte umgesetzt und viele Erfahrungen gesammelt.\" \/>\n<meta property=\"og:url\" content=\"https:\/\/www.pesteam.eu\/de\/o-nas\" \/>\n<meta property=\"og:site_name\" content=\"PES Team\" \/>\n<meta property=\"article:modified_time\" content=\"2021-07-20T07:54:56+00:00\" \/>\n<meta property=\"og:image\" content=\"https:\/\/www.pesteam.eu\/wp-content\/uploads\/2020\/12\/slide2-1.jpg\" \/>\n\t<meta property=\"og:image:width\" content=\"2560\" \/>\n\t<meta property=\"og:image:height\" content=\"1705\" \/>\n<meta name=\"twitter:card\" content=\"summary_large_image\" \/>\n<meta name=\"twitter:label1\" content=\"Gesch\u00e4tzte Lesezeit\">\n\t<meta name=\"twitter:data1\" content=\"2\u00a0Minuten\">\n<script type=\"application\/ld+json\" class=\"yoast-schema-graph\">{\"@context\":\"https:\/\/schema.org\",\"@graph\":[{\"@type\":\"WebSite\",\"@id\":\"https:\/\/www.pesteam.eu\/de\/#website\",\"url\":\"https:\/\/www.pesteam.eu\/de\/\",\"name\":\"PES Team\",\"description\":\"\",\"potentialAction\":[{\"@type\":\"SearchAction\",\"target\":\"https:\/\/www.pesteam.eu\/de\/?s={search_term_string}\",\"query-input\":\"required name=search_term_string\"}],\"inLanguage\":\"de\"},{\"@type\":\"ImageObject\",\"@id\":\"https:\/\/www.pesteam.eu\/de\/o-nas#primaryimage\",\"inLanguage\":\"de\",\"url\":\"https:\/\/www.pesteam.eu\/wp-content\/uploads\/2020\/12\/slide2-1.jpg\",\"width\":2560,\"height\":1705,\"caption\":\"Bricklayer cement masonry build layer house worker\"},{\"@type\":\"WebPage\",\"@id\":\"https:\/\/www.pesteam.eu\/de\/o-nas#webpage\",\"url\":\"https:\/\/www.pesteam.eu\/de\/o-nas\",\"name\":\"Das Unternehmen - PES Team\",\"isPartOf\":{\"@id\":\"https:\/\/www.pesteam.eu\/de\/#website\"},\"primaryImageOfPage\":{\"@id\":\"https:\/\/www.pesteam.eu\/de\/o-nas#primaryimage\"},\"datePublished\":\"2018-11-28T10:53:23+00:00\",\"dateModified\":\"2021-07-20T07:54:56+00:00\",\"description\":\"Seit mehr als 5 Jahren sind wir auf dem slowakischen sowie deutschen Markt erfolgreich t\\u00e4tig, wo es uns gelungen ist, stabile Partnerschaften aufzubauen. Wir haben eine Menge Projekte umgesetzt und viele Erfahrungen gesammelt.\",\"breadcrumb\":{\"@id\":\"https:\/\/www.pesteam.eu\/de\/o-nas#breadcrumb\"},\"inLanguage\":\"de\",\"potentialAction\":[{\"@type\":\"ReadAction\",\"target\":[\"https:\/\/www.pesteam.eu\/de\/o-nas\"]}]},{\"@type\":\"BreadcrumbList\",\"@id\":\"https:\/\/www.pesteam.eu\/de\/o-nas#breadcrumb\",\"itemListElement\":[{\"@type\":\"ListItem\",\"position\":1,\"item\":{\"@type\":\"WebPage\",\"@id\":\"https:\/\/www.pesteam.eu\/de\",\"url\":\"https:\/\/www.pesteam.eu\/de\",\"name\":\"Domovsk\\u00e1 str\\u00e1nka\"}},{\"@type\":\"ListItem\",\"position\":2,\"item\":{\"@type\":\"WebPage\",\"@id\":\"https:\/\/www.pesteam.eu\/de\/o-nas\",\"url\":\"https:\/\/www.pesteam.eu\/de\/o-nas\",\"name\":\"Das Unternehmen\"}}]}]}<\/script>\n<!-- \/ Yoast SEO plugin. -->","_links":{"self":[{"href":"https:\/\/www.pesteam.eu\/de\/wp-json\/wp\/v2\/pages\/2801","targetHints":{"allow":["GET"]}}],"collection":[{"href":"https:\/\/www.pesteam.eu\/de\/wp-json\/wp\/v2\/pages"}],"about":[{"href":"https:\/\/www.pesteam.eu\/de\/wp-json\/wp\/v2\/types\/page"}],"author":[{"embeddable":true,"href":"https:\/\/www.pesteam.eu\/de\/wp-json\/wp\/v2\/users\/1"}],"replies":[{"embeddable":true,"href":"https:\/\/www.pesteam.eu\/de\/wp-json\/wp\/v2\/comments?post=2801"}],"version-history":[{"count":36,"href":"https:\/\/www.pesteam.eu\/de\/wp-json\/wp\/v2\/pages\/2801\/revisions"}],"predecessor-version":[{"id":3208,"href":"https:\/\/www.pesteam.eu\/de\/wp-json\/wp\/v2\/pages\/2801\/revisions\/3208"}],"wp:featuredmedia":[{"embeddable":true,"href":"https:\/\/www.pesteam.eu\/de\/wp-json\/wp\/v2\/media\/2019"}],"wp:attachment":[{"href":"https:\/\/www.pesteam.eu\/de\/wp-json\/wp\/v2\/media?parent=2801"}],"curies":[{"name":"wp","href":"https:\/\/api.w.org\/{rel}","templated":true}]}}