{"id":2802,"date":"2018-11-28T10:53:11","date_gmt":"2018-11-28T10:53:11","guid":{"rendered":"https:\/\/www.pesteam.eu\/kontakt"},"modified":"2021-07-19T14:08:54","modified_gmt":"2021-07-19T12:08:54","slug":"kontakt","status":"publish","type":"page","link":"https:\/\/www.pesteam.eu\/de\/kontakt","title":{"rendered":"Kontakt"},"content":{"rendered":"<p>[vc_row full_width=&#8221;stretch_row&#8221; css=&#8221;.vc_custom_1612526592827{margin-top: 0px !important;padding-top: 120px !important;padding-bottom: 60px !important;background-color: #fafafa !important;}&#8221; el_class=&#8221;zidex-contact-page-contact&#8221;][vc_column css=&#8221;.vc_custom_1543482862966{padding-top: 0px !important;padding-right: 0px !important;padding-bottom: 0px !important;padding-left: 0px !important;}&#8221;][vc_row_inner css=&#8221;.vc_custom_1612526573787{margin-bottom: -60px !important;}&#8221;][vc_column_inner][heading_title_subtitle title=&#8221;Schreiben Sie uns&#8221; subtitle=&#8221;Wie k\u00f6nnen wir Ihnen behilflich sein? &#8221; align_title=&#8221;text_left&#8221; title_subtitle_style_variant=&#8221;title_subtitle_style_v2&#8243; subtitle_position=&#8221;subtitle_right&#8221; title_color=&#8221;dark_title&#8221; subtitle_color=&#8221;dark_subtitle&#8221; animation=&#8221;no_animation&#8221;][vc_empty_space][vc_column_text]F\u00fcllen Sie bitte das Formular aus oder rufen Sie uns an.[\/vc_column_text][\/vc_column_inner][\/vc_row_inner][vc_row_inner css=&#8221;.vc_custom_1543420198704{margin-bottom: 0px !important;}&#8221;][vc_column_inner el_class=&#8221;zidex-contact-page-contact-form&#8221; width=&#8221;7\/12&#8243; css=&#8221;.vc_custom_1544110619108{padding-right: 30px !important;}&#8221;][vc_empty_space height=&#8221;16px&#8221;][vc_column_text el_class=&#8221;get_a_quote&#8221; css=&#8221;.vc_custom_1626696481727{background-color: #ffffff !important;}&#8221;]<div class=\"cf7sg-container cf7sg-not-grid\"><div id=\"cf7sg-form-kontakt_de\" class=\" key_kontakt_de\"><div role=\"form\" class=\"wpcf7\" id=\"wpcf7-f3096-o1\" lang=\"sk-SK\" dir=\"ltr\">\n<div class=\"screen-reader-response\"><p role=\"status\" aria-live=\"polite\" aria-atomic=\"true\"><\/p> <ul><\/ul><\/div>\n<form action=\"\/de\/wp-json\/wp\/v2\/pages\/2802#wpcf7-f3096-o1\" method=\"post\" class=\"wpcf7-form init\" novalidate=\"novalidate\" data-status=\"init\">\n<div style=\"display: none;\">\n<input type=\"hidden\" name=\"_wpcf7\" value=\"3096\" \/>\n<input type=\"hidden\" name=\"_wpcf7_version\" value=\"5.4\" \/>\n<input type=\"hidden\" name=\"_wpcf7_locale\" value=\"sk_SK\" \/>\n<input type=\"hidden\" name=\"_wpcf7_unit_tag\" value=\"wpcf7-f3096-o1\" \/>\n<input type=\"hidden\" name=\"_wpcf7_container_post\" value=\"0\" \/>\n<input type=\"hidden\" name=\"_wpcf7_posted_data_hash\" value=\"\" \/>\n<input type=\"hidden\" name=\"_wpcf7_key\" value=\"kontakt_de\" \/>\n<input type=\"hidden\" name=\"_cf7sg_toggles\" value=\"\" \/>\n<input type=\"hidden\" name=\"_cf7sg_version\" value=\"4.9.2\" \/>\n<input type=\"hidden\" name=\"_wpnonce\" value=\"d98d0a28ec\" \/>\n<\/div>\n<div class=\"zidex-quote zidex-quote-sidebar\">\n<div class=\"col-md-12 col-sm-12 zidex-quote-top\">\n<div class=\"col-md-3 col-xs-3 col-sm-5 zidex-quote-top-icon\">\n      <img decoding=\"async\" src=\"https:\/\/zidex.modeltheme.com\/wp-content\/uploads_dummy_data\/2018\/11\/worker-1.png\" alt=\"worker\">\n    <\/div>\n<div class=\"col-md-9 col-xs-9 col-sm-7 zidex-quote-top-title\">\n<h3>Schreiben Sie uns<\/h3>\n<\/div>\n<\/div>\n<div class=\"col-md-12 zidex-quote-content\">\n<div class=\"col-md-12\">\n      <label><span class=\"wpcf7-form-control-wrap your-name\"><input type=\"text\" name=\"your-name\" value=\"\" size=\"40\" class=\"wpcf7-form-control wpcf7-text wpcf7-validates-as-required\" aria-required=\"true\" aria-invalid=\"false\" placeholder=\"Vor- und Nachname\" \/><\/span><\/label>\n    <\/div>\n<div class=\"col-md-12\">\n      <label><span class=\"wpcf7-form-control-wrap email\"><input type=\"email\" name=\"email\" value=\"\" size=\"40\" class=\"wpcf7-form-control wpcf7-text wpcf7-email wpcf7-validates-as-required wpcf7-validates-as-email\" aria-required=\"true\" aria-invalid=\"false\" placeholder=\"E-mail\" \/><\/span><\/label>\n    <\/div>\n<div class=\"col-md-12\">\n      <label><span class=\"wpcf7-form-control-wrap phone\"><input type=\"tel\" name=\"phone\" value=\"\" size=\"40\" class=\"wpcf7-form-control wpcf7-text wpcf7-tel wpcf7-validates-as-tel\" aria-invalid=\"false\" placeholder=\"Telefon (fakultativ)\" \/><\/span><\/label>\n    <\/div>\n<div class=\"col-md-12\">\n      <label><span class=\"wpcf7-form-control-wrap message\"><textarea name=\"message\" cols=\"40\" rows=\"10\" class=\"wpcf7-form-control wpcf7-textarea\" aria-invalid=\"false\" placeholder=\"Ihre Nachricht\"><\/textarea><\/span><\/label>\n    <\/div>\n<div class=\"col-md-12\">\n      <label><span class=\"wpcf7-form-control-wrap acceptance-851\"><span class=\"wpcf7-form-control wpcf7-acceptance\"><span class=\"wpcf7-list-item\"><label><input type=\"checkbox\" name=\"acceptance-851\" value=\"1\" aria-invalid=\"false\" \/><span class=\"wpcf7-list-item-label\">Ich bin damit einverstanden, dass meine Daten f\u00fcr die oben genannten Zwecke gespeichert und genutzt werden.<\/span><\/label><\/span><\/span><\/span><\/label>\n    <\/div>\n<div class=\"col-md-12\">\n      <button type=\"submit\" class=\"wpcf7-form-control wpcf7-submit\">Senden<\/button>\n    <\/div>\n<\/div>\n<\/div>\n<div class=\"wpcf7-response-output\" aria-hidden=\"true\"><\/div><\/form><\/div><\/div><\/div>[\/vc_column_text][\/vc_column_inner][vc_column_inner width=&#8221;5\/12&#8243; css=&#8221;.vc_custom_1548167433041{padding-top: 15px !important;padding-left: 30px !important;}&#8221;][vc_column_text el_class=&#8221;zidex-contact-address&#8221;]<\/p>\n<h4 style=\"font-weight: bold; line-height: 28px; color: #151515;\">Adresse<\/h4>\n<p>Pes Team s. r. o.<br \/>\nDoln\u00e9 Saliby 649<br \/>\n925 02 Doln\u00e9 Saliby<\/p>\n<p>Identifikationsnr.: 50 332 295<br \/>\nSteuernr.: 21 20 289 578<br \/>\nUmsatzsteuer-Indentifikationsnr.: SK2120289578<\/p>\n<h4 style=\"font-weight: bold; line-height: 28px; color: #151515;\">E-mail<\/h4>\n<p>Bestellungen: info@www.pesteam.eu<br \/>\nBuchhaltung: office@www.pesteam.eu<\/p>\n<h4><strong>Baut\u00e4tigkeit <\/strong><\/h4>\n<p>Csaba POZSONYI<br \/>\nTelefon: +421 908 541 787<br \/>\nE-mail: cs.pozsonyi@www.pesteam.eu<\/p>\n<h4><strong>Elektroinstallationsarbeiten<\/strong><\/h4>\n<p>Peter KAMINSKIJ<br \/>\nTelefon: +421 918 065 843<br \/>\nE-mail: peterk@www.pesteam.eu[\/vc_column_text][\/vc_column_inner][\/vc_row_inner][\/vc_column][\/vc_row][vc_row full_width=&#8221;stretch_row_content_no_spaces&#8221; css=&#8221;.vc_custom_1543420107341{margin-bottom: 0px !important;padding-top: 0px !important;}&#8221;][vc_column css=&#8221;.vc_custom_1543419859271{padding-top: 0px !important;}&#8221;][vc_gmaps link=&#8221;#E-8_JTNDaWZyYW1lJTIwc3JjJTNEJTIyaHR0cHMlM0ElMkYlMkZ3d3cuZ29vZ2xlLmNvbSUyRm1hcHMlMkZlbWJlZCUzRnBiJTNEJTIxMW0xOCUyMTFtMTIlMjExbTMlMjExZDk5Nzk5Mi42MzI5OTU1MDQxJTIxMmQxOC40ODUxOTkxODE4ODgwOCUyMTNkNDcuOTU2OTY3ODMyNDc4MzklMjEybTMlMjExZjAlMjEyZjAlMjEzZjAlMjEzbTIlMjExaTEwMjQlMjEyaTc2OCUyMTRmMTMuMSUyMTNtMyUyMTFtMiUyMTFzMHg0NzZiNzIzYTlkMWVmMzgzJTI1M0EweGFiN2RkYTY3ZTdiMzI5NWElMjEyc0RvbG4lMjVDMyUyNUE5JTI1MjBTYWxpYnklMjUyMDY0OSUyNTJDJTI1MjA5MjUlMjUyMDAyJTI1MjBEb2xuJTI1QzMlMjVBOSUyNTIwU2FsaWJ5JTIxNWUwJTIxM20yJTIxMXNodSUyMTJzc2slMjE0djE2MTI0NDk2ODQ1OTMlMjE1bTIlMjExc2h1JTIxMnNzayUyMiUyMHdpZHRoJTNEJTIyODAwJTIyJTIwaGVpZ2h0JTNEJTIyNjAwJTIyJTIwZnJhbWVib3JkZXIlM0QlMjIwJTIyJTIwc3R5bGUlM0QlMjJib3JkZXIlM0EwJTNCJTIyJTIwYWxsb3dmdWxsc2NyZWVuJTNEJTIyJTIyJTIwYXJpYS1oaWRkZW4lM0QlMjJmYWxzZSUyMiUyMHRhYmluZGV4JTNEJTIyMCUyMiUzRSUzQyUyRmlmcmFtZSUzRQ==&#8221; css=&#8221;.vc_custom_1612449738779{margin-bottom: 0px !important;}&#8221;][\/vc_column][\/vc_row]<\/p>\n","protected":false},"excerpt":{"rendered":"<p>[vc_row full_width=&#8221;stretch_row&#8221; css=&#8221;.vc_custom_1612526592827{margin-top: 0px !important;padding-top: 120px !important;padding-bottom: 60px !important;background-color: #fafafa !important;}&#8221; el_class=&#8221;zidex-contact-page-contact&#8221;][vc_column css=&#8221;.vc_custom_1543482862966{padding-top: 0px !important;padding-right: 0px !important;padding-bottom: 0px !important;padding-left: 0px !important;}&#8221;][vc_row_inner css=&#8221;.vc_custom_1612526573787{margin-bottom: -60px !important;}&#8221;][vc_column_inner][heading_title_subtitle title=&#8221;Schreiben Sie uns&#8221; subtitle=&#8221;Wie k\u00f6nnen wir Ihnen behilflich sein? &#8221; align_title=&#8221;text_left&#8221; title_subtitle_style_variant=&#8221;title_subtitle_style_v2&#8243; subtitle_position=&#8221;subtitle_right&#8221; title_color=&#8221;dark_title&#8221; subtitle_color=&#8221;dark_subtitle&#8221; animation=&#8221;no_animation&#8221;][vc_empty_space][vc_column_text]F\u00fcllen Sie bitte das Formular aus oder rufen Sie uns an.[\/vc_column_text][\/vc_column_inner][\/vc_row_inner][vc_row_inner css=&#8221;.vc_custom_1543420198704{margin-bottom: 0px !important;}&#8221;][vc_column_inner el_class=&#8221;zidex-contact-page-contact-form&#8221; width=&#8221;7\/12&#8243; [&hellip;]<\/p>\n","protected":false},"author":1,"featured_media":2139,"parent":0,"menu_order":0,"comment_status":"closed","ping_status":"closed","template":"","meta":{"footnotes":""},"class_list":["post-2802","page","type-page","status-publish","has-post-thumbnail","hentry"],"yoast_head":"<!-- This site is optimized with the Yoast SEO plugin v15.9.1 - https:\/\/yoast.com\/wordpress\/plugins\/seo\/ -->\n<title>Kontakt - PES Team<\/title>\n<meta name=\"description\" content=\"Zu unseren T\u00e4tigkeiten geh\u00f6ren komplette Elektroinstallationen, Revisionen, Bauarbeiten und schl\u00fcsselfertige Bauten.\" \/>\n<link rel=\"canonical\" href=\"https:\/\/www.pesteam.eu\/de\/kontakt\" \/>\n<meta property=\"og:locale\" content=\"de_DE\" \/>\n<meta property=\"og:type\" content=\"article\" \/>\n<meta property=\"og:title\" content=\"Kontakt - PES Team\" \/>\n<meta property=\"og:description\" content=\"Zu unseren T\u00e4tigkeiten geh\u00f6ren komplette Elektroinstallationen, Revisionen, Bauarbeiten und schl\u00fcsselfertige Bauten.\" \/>\n<meta property=\"og:url\" content=\"https:\/\/www.pesteam.eu\/de\/kontakt\" \/>\n<meta property=\"og:site_name\" content=\"PES Team\" \/>\n<meta property=\"article:modified_time\" content=\"2021-07-19T12:08:54+00:00\" \/>\n<meta property=\"og:image\" content=\"https:\/\/www.pesteam.eu\/wp-content\/uploads\/2021\/02\/header-4.jpg\" \/>\n\t<meta property=\"og:image:width\" content=\"3841\" \/>\n\t<meta property=\"og:image:height\" content=\"2560\" \/>\n<meta name=\"twitter:card\" content=\"summary_large_image\" \/>\n<meta name=\"twitter:label1\" content=\"Gesch\u00e4tzte Lesezeit\">\n\t<meta name=\"twitter:data1\" content=\"1\u00a0Minute\">\n<script type=\"application\/ld+json\" class=\"yoast-schema-graph\">{\"@context\":\"https:\/\/schema.org\",\"@graph\":[{\"@type\":\"WebSite\",\"@id\":\"https:\/\/www.pesteam.eu\/de\/#website\",\"url\":\"https:\/\/www.pesteam.eu\/de\/\",\"name\":\"PES Team\",\"description\":\"\",\"potentialAction\":[{\"@type\":\"SearchAction\",\"target\":\"https:\/\/www.pesteam.eu\/de\/?s={search_term_string}\",\"query-input\":\"required name=search_term_string\"}],\"inLanguage\":\"de\"},{\"@type\":\"ImageObject\",\"@id\":\"https:\/\/www.pesteam.eu\/de\/kontakt#primaryimage\",\"inLanguage\":\"de\",\"url\":\"https:\/\/www.pesteam.eu\/wp-content\/uploads\/2021\/02\/header-4.jpg\",\"width\":3841,\"height\":2560,\"caption\":\"PES Team\"},{\"@type\":\"WebPage\",\"@id\":\"https:\/\/www.pesteam.eu\/de\/kontakt#webpage\",\"url\":\"https:\/\/www.pesteam.eu\/de\/kontakt\",\"name\":\"Kontakt - PES Team\",\"isPartOf\":{\"@id\":\"https:\/\/www.pesteam.eu\/de\/#website\"},\"primaryImageOfPage\":{\"@id\":\"https:\/\/www.pesteam.eu\/de\/kontakt#primaryimage\"},\"datePublished\":\"2018-11-28T10:53:11+00:00\",\"dateModified\":\"2021-07-19T12:08:54+00:00\",\"description\":\"Zu unseren T\\u00e4tigkeiten geh\\u00f6ren komplette Elektroinstallationen, Revisionen, Bauarbeiten und schl\\u00fcsselfertige Bauten.\",\"breadcrumb\":{\"@id\":\"https:\/\/www.pesteam.eu\/de\/kontakt#breadcrumb\"},\"inLanguage\":\"de\",\"potentialAction\":[{\"@type\":\"ReadAction\",\"target\":[\"https:\/\/www.pesteam.eu\/de\/kontakt\"]}]},{\"@type\":\"BreadcrumbList\",\"@id\":\"https:\/\/www.pesteam.eu\/de\/kontakt#breadcrumb\",\"itemListElement\":[{\"@type\":\"ListItem\",\"position\":1,\"item\":{\"@type\":\"WebPage\",\"@id\":\"https:\/\/www.pesteam.eu\/de\",\"url\":\"https:\/\/www.pesteam.eu\/de\",\"name\":\"Domovsk\\u00e1 str\\u00e1nka\"}},{\"@type\":\"ListItem\",\"position\":2,\"item\":{\"@type\":\"WebPage\",\"@id\":\"https:\/\/www.pesteam.eu\/de\/kontakt\",\"url\":\"https:\/\/www.pesteam.eu\/de\/kontakt\",\"name\":\"Kontakt\"}}]}]}<\/script>\n<!-- \/ Yoast SEO plugin. -->","_links":{"self":[{"href":"https:\/\/www.pesteam.eu\/de\/wp-json\/wp\/v2\/pages\/2802","targetHints":{"allow":["GET"]}}],"collection":[{"href":"https:\/\/www.pesteam.eu\/de\/wp-json\/wp\/v2\/pages"}],"about":[{"href":"https:\/\/www.pesteam.eu\/de\/wp-json\/wp\/v2\/types\/page"}],"author":[{"embeddable":true,"href":"https:\/\/www.pesteam.eu\/de\/wp-json\/wp\/v2\/users\/1"}],"replies":[{"embeddable":true,"href":"https:\/\/www.pesteam.eu\/de\/wp-json\/wp\/v2\/comments?post=2802"}],"version-history":[{"count":8,"href":"https:\/\/www.pesteam.eu\/de\/wp-json\/wp\/v2\/pages\/2802\/revisions"}],"predecessor-version":[{"id":3178,"href":"https:\/\/www.pesteam.eu\/de\/wp-json\/wp\/v2\/pages\/2802\/revisions\/3178"}],"wp:featuredmedia":[{"embeddable":true,"href":"https:\/\/www.pesteam.eu\/de\/wp-json\/wp\/v2\/media\/2139"}],"wp:attachment":[{"href":"https:\/\/www.pesteam.eu\/de\/wp-json\/wp\/v2\/media?parent=2802"}],"curies":[{"name":"wp","href":"https:\/\/api.w.org\/{rel}","templated":true}]}}