{"id":2808,"date":"2018-11-28T10:52:32","date_gmt":"2018-11-28T10:52:32","guid":{"rendered":"https:\/\/www.pesteam.eu\/sluzby"},"modified":"2021-07-20T09:57:23","modified_gmt":"2021-07-20T07:57:23","slug":"sluzby","status":"publish","type":"page","link":"https:\/\/www.pesteam.eu\/de\/sluzby","title":{"rendered":"Dienstleistungen"},"content":{"rendered":"<p>[vc_row css=&#8221;.vc_custom_1544112013538{margin-bottom: 90px !important;padding-top: 120px !important;}&#8221;][vc_column][vc_row_inner][vc_column_inner][heading_title_subtitle title=&#8221;Unsere Dienstleistungen&#8221; subtitle=&#8221;Wir bieten komplette Elektroinstallations- und Bauarbeiten an.&#8221; align_title=&#8221;text_left&#8221; title_subtitle_style_variant=&#8221;title_subtitle_style_v2&#8243; subtitle_position=&#8221;subtitle_right&#8221; title_color=&#8221;dark_title&#8221; subtitle_color=&#8221;dark_subtitle&#8221; animation=&#8221;no_animation&#8221;][\/vc_column_inner][\/vc_row_inner][vc_row_inner css=&#8221;.vc_custom_1542114986522{margin-bottom: 0px !important;}&#8221;][vc_column_inner width=&#8221;1\/2&#8243;][thumbnails_custom_content_link image=&#8221;2108&#8243; heading=&#8221;Elektroinstallationsarbeiten&#8221; description=&#8221;Wir bieten eine breite Palette von Elektroinstallationsarbeiten f\u00fcr Privatpersonen sowie f\u00fcr Unternehmen inklusive kompletter Materialanlieferung an.&#8221; add_url=&#8221;https:\/\/www.pesteam.eu\/de\/sluzby\/elektroinstalacne-prace\/&#8221; content_align=&#8221;left&#8221;][vc_empty_space height=&#8221;28px&#8221;][thumbnails_custom_content_link image=&#8221;2114&#8243; heading=&#8221;Baut\u00e4tigkeit&#8221; description=&#8221;Wir bieten Ihnen das Ausf\u00fchren von kompletten Bauarbeiten an von der Fundamentierung, Maurerwerk, W\u00e4rmed\u00e4mmung von Fassaden bis hin zu Malerarbeiten und Fliesenlegung.&#8221; add_url=&#8221;https:\/\/www.pesteam.eu\/de\/sluzby\/stavebne-prace\/&#8221; content_align=&#8221;left&#8221;][vc_empty_space height=&#8221;28px&#8221;][\/vc_column_inner][vc_column_inner width=&#8221;1\/2&#8243;][thumbnails_custom_content_link image=&#8221;2111&#8243; heading=&#8221;Sch\u00fcsselfertige Bauten&#8221; description=&#8221;Komplette Fertigstellung von Bauten vom Fundament bis zum Kahlhausstadium oder schl\u00fcsselfertige H\u00e4user. Bei Bedarf Hilfe bei der Projektauswahl oder Projektierung nach Kundenwunsch. Erledigung der Baugenehmigung und Kollaudierung.&#8221; add_url=&#8221;https:\/\/www.pesteam.eu\/de\/sluzby\/stavby-na-kluc\/&#8221; content_align=&#8221;left&#8221;][vc_empty_space height=&#8221;28px&#8221;][thumbnails_custom_content_link image=&#8221;2117&#8243; heading=&#8221;Werkzeug- und Maschinenverleih&#8221; description=&#8221;F\u00fcr Bauarbeiter und Handwerker bieten wir Werkzeuge mit hervorragender Qualit\u00e4t der Marken Hilti, Bosch, Metabo a Makita an.&#8221; add_url=&#8221;https:\/\/www.pesteam.eu\/de\/sluzby\/pozicovna-naradia-a-strojov\/&#8221; content_align=&#8221;left&#8221;][vc_empty_space height=&#8221;28px&#8221;][\/vc_column_inner][\/vc_row_inner][\/vc_column][\/vc_row][vc_row full_width=&#8221;stretch_row&#8221; parallax=&#8221;content-moving&#8221; parallax_image=&#8221;943&#8243; parallax_speed_bg=&#8221;1&#8243; css=&#8221;.vc_custom_1548255085936{margin-bottom: 0px !important;padding-top: 75px !important;padding-bottom: 120px !important;}&#8221;][vc_column][vc_empty_space][vc_empty_space][vc_raw_html]JTNDZGl2JTIwY2xhc3MlM0QlMjJ3b3clMjAlMjB0ZXN0aW1vbmlhbHMtc2hvcnRjb2RlLXYxJTIwdGVzdGltb25pYWxzLWNvbnRhaW5lci0xJTIwJTIwb3dsLWNhcm91c2VsJTIwb3dsLXRoZW1lJTIwYW5pbWF0ZWQlMjIlMjBzdHlsZSUzRCUyMm9wYWNpdHklM0ElMjAxJTNCJTIwZGlzcGxheSUzQSUyMGJsb2NrJTNCJTIwdmlzaWJpbGl0eSUzQSUyMHZpc2libGUlM0IlMjIlM0UlMEElMjAlMjAlMjAlMjAlMjAlMjAlMjAlMjAlMjAlMjAlMjAlMjAlMjAlMjAlMjAlMjAlMDklM0NkaXYlMjBjbGFzcyUzRCUyMm93bC13cmFwcGVyLW91dGVyJTIyJTNFJTNDZGl2JTIwY2xhc3MlM0QlMjJvd2wtd3JhcHBlciUyMiUyMHN0eWxlJTNEJTIyd2lkdGglM0ElMjAyMjgwcHglM0IlMjBsZWZ0JTNBJTIwMHB4JTNCJTIwZGlzcGxheSUzQSUyMGJsb2NrJTNCJTIyJTNFJTNDZGl2JTIwY2xhc3MlM0QlMjJvd2wtaXRlbSUyMiUyMHN0eWxlJTNEJTIyd2lkdGglM0ElMjAxMTQwcHglM0IlMjIlM0UlM0NkaXYlMjBjbGFzcyUzRCUyMml0ZW0lMjB2Y19jb2wtbWQtMTIlMjByZWxhdGl2ZSUyMiUzRSUwQSUwOSUyMCUyMCUyMCUyMCUyMCUyMCUyMCUyMCUyMCUyMCUyMCUyMCUyMCUyMCUyMCUyMCUwOSUzQ2RpdiUyMGNsYXNzJTNEJTIydGVzdGltb25pYWwwMV9pdGVtJTIyJTNFJTBBJTIwJTIwJTIwJTIwJTIwJTIwJTIwJTIwJTIwJTIwJTIwJTIwJTIwJTIwJTIwJTIwJTIwJTIwJTIwJTIwJTIwJTIwJTIwJTIwJTIwJTIwJTNDZGl2JTIwY2xhc3MlM0QlMjJ0ZXN0aW1vbmFpbDAxLWNvbnRlbnQlMjIlM0UlM0NwJTNFRGllJTIwSGF1cHRwZmVpbGVyJTIwdW5zZXJlciUyMEFyYmVpdCUyMHNpbmQlMjBRdWFsaXQlQzMlQTR0JTJDJTIwRWZmZWt0aXZpdCVDMyVBNHQlMjB1bmQlMjBEYW5rYmFya2VpdCUyMGYlQzMlQkNyJTIwamVkZW4lMjB6dWZyaWVkZW5lbiUyMEt1bmRlbi4lM0NiciUyRiUzRSUzQ2JyJTJGJTNFJTBBUEVTJTIwVGVhbSUyMCUwQSUzQyUyRnAlM0UlMEElM0MlMkZkaXYlM0UlMEElMjAlMjAlMjAlMjAlMjAlMjAlMjAlMjAlMjAlMjAlMjAlMjAlMjAlMjAlMjAlMjAlMjAlMjAlMjAlMjAlMjAlMjAlMjAlMjAlMjAlMjAlMEElMEElMDklMDklMjAlMjAlMjAlMjAlMjAlMjAlMjAlMjAlMjAlMjAlMjAlMjAlMjAlMjAlMjAlMjAlMjAlMjAlMjAlMjAlM0MlMkZkaXYlM0UlMEElMDklMjAlMjAlMjAlMjAlMjAlMjAlMjAlMjAlMjAlMjAlMjAlMjAlMjAlMjAlMjAlMjAlM0MlMkZkaXYlM0UlM0MlMkZkaXYlM0UlM0MlMkZkaXYlM0UlM0MlMkZkaXYlM0UlM0MlMkZkaXYlM0U=[\/vc_raw_html][\/vc_column][\/vc_row]<\/p>\n","protected":false},"excerpt":{"rendered":"<p>[vc_row css=&#8221;.vc_custom_1544112013538{margin-bottom: 90px !important;padding-top: 120px !important;}&#8221;][vc_column][vc_row_inner][vc_column_inner][heading_title_subtitle title=&#8221;Unsere Dienstleistungen&#8221; subtitle=&#8221;Wir bieten komplette Elektroinstallations- und Bauarbeiten an.&#8221; align_title=&#8221;text_left&#8221; title_subtitle_style_variant=&#8221;title_subtitle_style_v2&#8243; subtitle_position=&#8221;subtitle_right&#8221; title_color=&#8221;dark_title&#8221; subtitle_color=&#8221;dark_subtitle&#8221; animation=&#8221;no_animation&#8221;][\/vc_column_inner][\/vc_row_inner][vc_row_inner css=&#8221;.vc_custom_1542114986522{margin-bottom: 0px !important;}&#8221;][vc_column_inner width=&#8221;1\/2&#8243;][thumbnails_custom_content_link image=&#8221;2108&#8243; heading=&#8221;Elektroinstallationsarbeiten&#8221; description=&#8221;Wir bieten eine breite Palette von Elektroinstallationsarbeiten f\u00fcr Privatpersonen sowie f\u00fcr Unternehmen inklusive kompletter Materialanlieferung an.&#8221; add_url=&#8221;https:\/\/www.pesteam.eu\/de\/sluzby\/elektroinstalacne-prace\/&#8221; content_align=&#8221;left&#8221;][vc_empty_space height=&#8221;28px&#8221;][thumbnails_custom_content_link image=&#8221;2114&#8243; heading=&#8221;Baut\u00e4tigkeit&#8221; description=&#8221;Wir bieten Ihnen das Ausf\u00fchren von kompletten [&hellip;]<\/p>\n","protected":false},"author":1,"featured_media":2145,"parent":0,"menu_order":0,"comment_status":"closed","ping_status":"closed","template":"","meta":{"footnotes":""},"class_list":["post-2808","page","type-page","status-publish","has-post-thumbnail","hentry"],"yoast_head":"<!-- This site is optimized with the Yoast SEO plugin v15.9.1 - https:\/\/yoast.com\/wordpress\/plugins\/seo\/ -->\n<title>Dienstleistungen - PES Team<\/title>\n<meta name=\"description\" content=\"Wir bieten komplette Elektroinstallations- und Bauarbeiten an.\" \/>\n<link rel=\"canonical\" href=\"https:\/\/www.pesteam.eu\/de\/sluzby\" \/>\n<meta property=\"og:locale\" content=\"de_DE\" \/>\n<meta property=\"og:type\" content=\"article\" \/>\n<meta property=\"og:title\" content=\"Dienstleistungen - PES Team\" \/>\n<meta property=\"og:description\" content=\"Wir bieten komplette Elektroinstallations- und Bauarbeiten an.\" \/>\n<meta property=\"og:url\" content=\"https:\/\/www.pesteam.eu\/de\/sluzby\" \/>\n<meta property=\"og:site_name\" content=\"PES Team\" \/>\n<meta property=\"article:modified_time\" content=\"2021-07-20T07:57:23+00:00\" \/>\n<meta property=\"og:image\" content=\"https:\/\/www.pesteam.eu\/wp-content\/uploads\/2021\/02\/header-1.jpg\" \/>\n\t<meta property=\"og:image:width\" content=\"3840\" \/>\n\t<meta property=\"og:image:height\" content=\"1707\" \/>\n<meta name=\"twitter:card\" content=\"summary_large_image\" \/>\n<meta name=\"twitter:label1\" content=\"Gesch\u00e4tzte Lesezeit\">\n\t<meta name=\"twitter:data1\" content=\"1\u00a0Minute\">\n<script type=\"application\/ld+json\" class=\"yoast-schema-graph\">{\"@context\":\"https:\/\/schema.org\",\"@graph\":[{\"@type\":\"WebSite\",\"@id\":\"https:\/\/www.pesteam.eu\/de\/#website\",\"url\":\"https:\/\/www.pesteam.eu\/de\/\",\"name\":\"PES Team\",\"description\":\"\",\"potentialAction\":[{\"@type\":\"SearchAction\",\"target\":\"https:\/\/www.pesteam.eu\/de\/?s={search_term_string}\",\"query-input\":\"required name=search_term_string\"}],\"inLanguage\":\"de\"},{\"@type\":\"ImageObject\",\"@id\":\"https:\/\/www.pesteam.eu\/de\/sluzby#primaryimage\",\"inLanguage\":\"de\",\"url\":\"https:\/\/www.pesteam.eu\/wp-content\/uploads\/2021\/02\/header-1.jpg\",\"width\":3840,\"height\":1707,\"caption\":\"PES Team\"},{\"@type\":\"WebPage\",\"@id\":\"https:\/\/www.pesteam.eu\/de\/sluzby#webpage\",\"url\":\"https:\/\/www.pesteam.eu\/de\/sluzby\",\"name\":\"Dienstleistungen - PES Team\",\"isPartOf\":{\"@id\":\"https:\/\/www.pesteam.eu\/de\/#website\"},\"primaryImageOfPage\":{\"@id\":\"https:\/\/www.pesteam.eu\/de\/sluzby#primaryimage\"},\"datePublished\":\"2018-11-28T10:52:32+00:00\",\"dateModified\":\"2021-07-20T07:57:23+00:00\",\"description\":\"Wir bieten komplette Elektroinstallations- und Bauarbeiten an.\",\"breadcrumb\":{\"@id\":\"https:\/\/www.pesteam.eu\/de\/sluzby#breadcrumb\"},\"inLanguage\":\"de\",\"potentialAction\":[{\"@type\":\"ReadAction\",\"target\":[\"https:\/\/www.pesteam.eu\/de\/sluzby\"]}]},{\"@type\":\"BreadcrumbList\",\"@id\":\"https:\/\/www.pesteam.eu\/de\/sluzby#breadcrumb\",\"itemListElement\":[{\"@type\":\"ListItem\",\"position\":1,\"item\":{\"@type\":\"WebPage\",\"@id\":\"https:\/\/www.pesteam.eu\/de\",\"url\":\"https:\/\/www.pesteam.eu\/de\",\"name\":\"Domovsk\\u00e1 str\\u00e1nka\"}},{\"@type\":\"ListItem\",\"position\":2,\"item\":{\"@type\":\"WebPage\",\"@id\":\"https:\/\/www.pesteam.eu\/de\/sluzby\",\"url\":\"https:\/\/www.pesteam.eu\/de\/sluzby\",\"name\":\"Dienstleistungen\"}}]}]}<\/script>\n<!-- \/ Yoast SEO plugin. -->","_links":{"self":[{"href":"https:\/\/www.pesteam.eu\/de\/wp-json\/wp\/v2\/pages\/2808","targetHints":{"allow":["GET"]}}],"collection":[{"href":"https:\/\/www.pesteam.eu\/de\/wp-json\/wp\/v2\/pages"}],"about":[{"href":"https:\/\/www.pesteam.eu\/de\/wp-json\/wp\/v2\/types\/page"}],"author":[{"embeddable":true,"href":"https:\/\/www.pesteam.eu\/de\/wp-json\/wp\/v2\/users\/1"}],"replies":[{"embeddable":true,"href":"https:\/\/www.pesteam.eu\/de\/wp-json\/wp\/v2\/comments?post=2808"}],"version-history":[{"count":36,"href":"https:\/\/www.pesteam.eu\/de\/wp-json\/wp\/v2\/pages\/2808\/revisions"}],"predecessor-version":[{"id":3210,"href":"https:\/\/www.pesteam.eu\/de\/wp-json\/wp\/v2\/pages\/2808\/revisions\/3210"}],"wp:featuredmedia":[{"embeddable":true,"href":"https:\/\/www.pesteam.eu\/de\/wp-json\/wp\/v2\/media\/2145"}],"wp:attachment":[{"href":"https:\/\/www.pesteam.eu\/de\/wp-json\/wp\/v2\/media?parent=2808"}],"curies":[{"name":"wp","href":"https:\/\/api.w.org\/{rel}","templated":true}]}}